{"id":764,"date":"2023-09-18T22:32:20","date_gmt":"2023-09-18T20:32:20","guid":{"rendered":"https:\/\/fermedebezidel.com\/?post_type=product&#038;p=764"},"modified":"2026-03-27T12:07:59","modified_gmt":"2026-03-27T11:07:59","slug":"panier-surprise-a-16e","status":"publish","type":"product","link":"https:\/\/fermedebezidel.com\/index.php\/produit\/panier-surprise-a-16e\/","title":{"rendered":"Panier \u00ab\u00a0surprise\u00a0\u00bb de l\u00e9gumes (21\u20ac)"},"content":{"rendered":"","protected":false},"excerpt":{"rendered":"<p>Le panier contient les l\u00e9gumes de saison du moment, pr\u00e9par\u00e9s et bichonn\u00e9s par votre mara\u00eecher.<\/p>\n<p>Un bouquet d&rsquo;aromatiques offert pour toute commande d&rsquo;un panier \u00ab\u00a0surprise\u00a0\u00bb.<\/p>\n","protected":false},"featured_media":67,"template":"","meta":[],"product_brand":[],"product_cat":[21,22],"product_tag":[],"class_list":{"0":"post-764","1":"product","2":"type-product","3":"status-publish","4":"has-post-thumbnail","6":"product_cat-ferme-de-bezidel","7":"product_cat-legumes","9":"first","10":"instock","11":"taxable","12":"shipping-taxable","13":"product-type-simple"},"_links":{"self":[{"href":"https:\/\/fermedebezidel.com\/index.php\/wp-json\/wp\/v2\/product\/764","targetHints":{"allow":["GET"]}}],"collection":[{"href":"https:\/\/fermedebezidel.com\/index.php\/wp-json\/wp\/v2\/product"}],"about":[{"href":"https:\/\/fermedebezidel.com\/index.php\/wp-json\/wp\/v2\/types\/product"}],"wp:featuredmedia":[{"embeddable":true,"href":"https:\/\/fermedebezidel.com\/index.php\/wp-json\/wp\/v2\/media\/67"}],"wp:attachment":[{"href":"https:\/\/fermedebezidel.com\/index.php\/wp-json\/wp\/v2\/media?parent=764"}],"wp:term":[{"taxonomy":"product_brand","embeddable":true,"href":"https:\/\/fermedebezidel.com\/index.php\/wp-json\/wp\/v2\/product_brand?post=764"},{"taxonomy":"product_cat","embeddable":true,"href":"https:\/\/fermedebezidel.com\/index.php\/wp-json\/wp\/v2\/product_cat?post=764"},{"taxonomy":"product_tag","embeddable":true,"href":"https:\/\/fermedebezidel.com\/index.php\/wp-json\/wp\/v2\/product_tag?post=764"}],"curies":[{"name":"wp","href":"https:\/\/api.w.org\/{rel}","templated":true}]}}