{"id":669,"date":"2023-08-22T23:20:31","date_gmt":"2023-08-22T21:20:31","guid":{"rendered":"https:\/\/fermedebezidel.com\/?post_type=product&#038;p=669"},"modified":"2026-04-17T12:39:23","modified_gmt":"2026-04-17T10:39:23","slug":"courgettes","status":"publish","type":"product","link":"https:\/\/fermedebezidel.com\/index.php\/produit\/courgettes\/","title":{"rendered":"Courgettes"},"content":{"rendered":"","protected":false},"excerpt":{"rendered":"<p>Les premi\u00e8res courgettes de l&rsquo;ann\u00e9e, produites \u00e0 la ferme.<\/p>\n","protected":false},"featured_media":670,"template":"","meta":[],"product_brand":[],"product_cat":[21,22],"product_tag":[],"class_list":{"0":"post-669","1":"product","2":"type-product","3":"status-publish","4":"has-post-thumbnail","6":"product_cat-ferme-de-bezidel","7":"product_cat-legumes","9":"first","10":"instock","11":"featured","12":"taxable","13":"shipping-taxable","14":"product-type-simple"},"_links":{"self":[{"href":"https:\/\/fermedebezidel.com\/index.php\/wp-json\/wp\/v2\/product\/669","targetHints":{"allow":["GET"]}}],"collection":[{"href":"https:\/\/fermedebezidel.com\/index.php\/wp-json\/wp\/v2\/product"}],"about":[{"href":"https:\/\/fermedebezidel.com\/index.php\/wp-json\/wp\/v2\/types\/product"}],"wp:featuredmedia":[{"embeddable":true,"href":"https:\/\/fermedebezidel.com\/index.php\/wp-json\/wp\/v2\/media\/670"}],"wp:attachment":[{"href":"https:\/\/fermedebezidel.com\/index.php\/wp-json\/wp\/v2\/media?parent=669"}],"wp:term":[{"taxonomy":"product_brand","embeddable":true,"href":"https:\/\/fermedebezidel.com\/index.php\/wp-json\/wp\/v2\/product_brand?post=669"},{"taxonomy":"product_cat","embeddable":true,"href":"https:\/\/fermedebezidel.com\/index.php\/wp-json\/wp\/v2\/product_cat?post=669"},{"taxonomy":"product_tag","embeddable":true,"href":"https:\/\/fermedebezidel.com\/index.php\/wp-json\/wp\/v2\/product_tag?post=669"}],"curies":[{"name":"wp","href":"https:\/\/api.w.org\/{rel}","templated":true}]}}