{"id":2123,"date":"2026-04-12T22:23:11","date_gmt":"2026-04-12T20:23:11","guid":{"rendered":"https:\/\/fermedebezidel.com\/?post_type=product&#038;p=2123"},"modified":"2026-04-12T22:24:19","modified_gmt":"2026-04-12T20:24:19","slug":"plant-de-tomates-rosa-de-barbastro","status":"publish","type":"product","link":"https:\/\/fermedebezidel.com\/index.php\/produit\/plant-de-tomates-rosa-de-barbastro\/","title":{"rendered":"Plant de tomates \u00ab\u00a0Rosa de Barbastro\u00a0\u00bb"},"content":{"rendered":"","protected":false},"excerpt":{"rendered":"<p>Plants produits \u00e0 la ferme avec des vari\u00e9t\u00e9s anciennes.<\/p>\n<p>\u00ab\u00a0Elle est consid\u00e9r\u00e9 par les connaisseurs comme l&rsquo;une des meilleures tomates au monde&#8230;Fruit de 300 \u00e0 500 grammes de type beefsteak\u00a0\u00bb<\/p>\n<p>&nbsp;<\/p>\n<p>&nbsp;<\/p>\n<p>&nbsp;<\/p>\n","protected":false},"featured_media":2124,"template":"","meta":[],"product_brand":[],"product_cat":[21,26],"product_tag":[],"class_list":{"0":"post-2123","1":"product","2":"type-product","3":"status-publish","4":"has-post-thumbnail","6":"product_cat-ferme-de-bezidel","7":"product_cat-plants","9":"first","10":"instock","11":"taxable","12":"shipping-taxable","13":"product-type-simple"},"_links":{"self":[{"href":"https:\/\/fermedebezidel.com\/index.php\/wp-json\/wp\/v2\/product\/2123","targetHints":{"allow":["GET"]}}],"collection":[{"href":"https:\/\/fermedebezidel.com\/index.php\/wp-json\/wp\/v2\/product"}],"about":[{"href":"https:\/\/fermedebezidel.com\/index.php\/wp-json\/wp\/v2\/types\/product"}],"wp:featuredmedia":[{"embeddable":true,"href":"https:\/\/fermedebezidel.com\/index.php\/wp-json\/wp\/v2\/media\/2124"}],"wp:attachment":[{"href":"https:\/\/fermedebezidel.com\/index.php\/wp-json\/wp\/v2\/media?parent=2123"}],"wp:term":[{"taxonomy":"product_brand","embeddable":true,"href":"https:\/\/fermedebezidel.com\/index.php\/wp-json\/wp\/v2\/product_brand?post=2123"},{"taxonomy":"product_cat","embeddable":true,"href":"https:\/\/fermedebezidel.com\/index.php\/wp-json\/wp\/v2\/product_cat?post=2123"},{"taxonomy":"product_tag","embeddable":true,"href":"https:\/\/fermedebezidel.com\/index.php\/wp-json\/wp\/v2\/product_tag?post=2123"}],"curies":[{"name":"wp","href":"https:\/\/api.w.org\/{rel}","templated":true}]}}