{"id":2121,"date":"2026-04-12T22:21:33","date_gmt":"2026-04-12T20:21:33","guid":{"rendered":"https:\/\/fermedebezidel.com\/?post_type=product&#038;p=2121"},"modified":"2026-04-12T22:22:41","modified_gmt":"2026-04-12T20:22:41","slug":"plant-de-tomates-andine-cornue","status":"publish","type":"product","link":"https:\/\/fermedebezidel.com\/index.php\/produit\/plant-de-tomates-andine-cornue\/","title":{"rendered":"Plant de tomates \u00ab\u00a0Andine cornue\u00a0\u00bb"},"content":{"rendered":"","protected":false},"excerpt":{"rendered":"<p>Plants produits \u00e0 la ferme avec des vari\u00e9t\u00e9s anciennes.<\/p>\n<p>\u00ab\u00a0Fruit sans acidit\u00e9 et tr\u00e8s parfum\u00e9. Chair ferme. Fruit tr\u00e8s allong\u00e9, pointu, tr\u00e8s charnu de 80 \u00e0 120 g. L\u00e9ger collet vert. Qualit\u00e9 gustative exceptionnelle.\u00a0\u00bb<\/p>\n<p>&nbsp;<\/p>\n<p>&nbsp;<\/p>\n<p>&nbsp;<\/p>\n","protected":false},"featured_media":2122,"template":"","meta":[],"product_brand":[],"product_cat":[21,26],"product_tag":[],"class_list":{"0":"post-2121","1":"product","2":"type-product","3":"status-publish","4":"has-post-thumbnail","6":"product_cat-ferme-de-bezidel","7":"product_cat-plants","9":"first","10":"instock","11":"taxable","12":"shipping-taxable","13":"product-type-simple"},"_links":{"self":[{"href":"https:\/\/fermedebezidel.com\/index.php\/wp-json\/wp\/v2\/product\/2121","targetHints":{"allow":["GET"]}}],"collection":[{"href":"https:\/\/fermedebezidel.com\/index.php\/wp-json\/wp\/v2\/product"}],"about":[{"href":"https:\/\/fermedebezidel.com\/index.php\/wp-json\/wp\/v2\/types\/product"}],"wp:featuredmedia":[{"embeddable":true,"href":"https:\/\/fermedebezidel.com\/index.php\/wp-json\/wp\/v2\/media\/2122"}],"wp:attachment":[{"href":"https:\/\/fermedebezidel.com\/index.php\/wp-json\/wp\/v2\/media?parent=2121"}],"wp:term":[{"taxonomy":"product_brand","embeddable":true,"href":"https:\/\/fermedebezidel.com\/index.php\/wp-json\/wp\/v2\/product_brand?post=2121"},{"taxonomy":"product_cat","embeddable":true,"href":"https:\/\/fermedebezidel.com\/index.php\/wp-json\/wp\/v2\/product_cat?post=2121"},{"taxonomy":"product_tag","embeddable":true,"href":"https:\/\/fermedebezidel.com\/index.php\/wp-json\/wp\/v2\/product_tag?post=2121"}],"curies":[{"name":"wp","href":"https:\/\/api.w.org\/{rel}","templated":true}]}}