{"id":2119,"date":"2026-04-12T22:19:44","date_gmt":"2026-04-12T20:19:44","guid":{"rendered":"https:\/\/fermedebezidel.com\/?post_type=product&#038;p=2119"},"modified":"2026-04-12T22:21:24","modified_gmt":"2026-04-12T20:21:24","slug":"plant-de-tomates-marmande","status":"publish","type":"product","link":"https:\/\/fermedebezidel.com\/index.php\/produit\/plant-de-tomates-marmande\/","title":{"rendered":"Plant de tomates \u00ab\u00a0Marmande\u00a0\u00bb"},"content":{"rendered":"","protected":false},"excerpt":{"rendered":"<p>Plants produits \u00e0 la ferme avec des vari\u00e9t\u00e9s anciennes.<\/p>\n<p>\u00ab\u00a0Vari\u00e9t\u00e9 populaire en France. Fruit rouge, rond \u00e0 aplati c\u00f4tel\u00e9 \u00e0 la chair douce et savoureuse. Poids moyen de 180 g, calibre de 77 mm. Vigoureuse. Nouaison et fructification m\u00eame \u00e0 basses temp\u00e9ratures. Bonne r\u00e9sistance aux maladies communes.\u00a0\u00bb<\/p>\n<p>&nbsp;<\/p>\n<p>&nbsp;<\/p>\n<p>&nbsp;<\/p>\n","protected":false},"featured_media":2120,"template":"","meta":[],"product_brand":[],"product_cat":[21,26],"product_tag":[],"class_list":{"0":"post-2119","1":"product","2":"type-product","3":"status-publish","4":"has-post-thumbnail","6":"product_cat-ferme-de-bezidel","7":"product_cat-plants","9":"first","10":"instock","11":"taxable","12":"shipping-taxable","13":"product-type-simple"},"_links":{"self":[{"href":"https:\/\/fermedebezidel.com\/index.php\/wp-json\/wp\/v2\/product\/2119","targetHints":{"allow":["GET"]}}],"collection":[{"href":"https:\/\/fermedebezidel.com\/index.php\/wp-json\/wp\/v2\/product"}],"about":[{"href":"https:\/\/fermedebezidel.com\/index.php\/wp-json\/wp\/v2\/types\/product"}],"wp:featuredmedia":[{"embeddable":true,"href":"https:\/\/fermedebezidel.com\/index.php\/wp-json\/wp\/v2\/media\/2120"}],"wp:attachment":[{"href":"https:\/\/fermedebezidel.com\/index.php\/wp-json\/wp\/v2\/media?parent=2119"}],"wp:term":[{"taxonomy":"product_brand","embeddable":true,"href":"https:\/\/fermedebezidel.com\/index.php\/wp-json\/wp\/v2\/product_brand?post=2119"},{"taxonomy":"product_cat","embeddable":true,"href":"https:\/\/fermedebezidel.com\/index.php\/wp-json\/wp\/v2\/product_cat?post=2119"},{"taxonomy":"product_tag","embeddable":true,"href":"https:\/\/fermedebezidel.com\/index.php\/wp-json\/wp\/v2\/product_tag?post=2119"}],"curies":[{"name":"wp","href":"https:\/\/api.w.org\/{rel}","templated":true}]}}