{"id":2117,"date":"2026-04-12T22:15:49","date_gmt":"2026-04-12T20:15:49","guid":{"rendered":"https:\/\/fermedebezidel.com\/?post_type=product&#038;p=2117"},"modified":"2026-04-12T22:17:35","modified_gmt":"2026-04-12T20:17:35","slug":"plant-de-tomates-ananas","status":"publish","type":"product","link":"https:\/\/fermedebezidel.com\/index.php\/produit\/plant-de-tomates-ananas\/","title":{"rendered":"Plant de tomates \u00ab\u00a0Ananas\u00a0\u00bb"},"content":{"rendered":"","protected":false},"excerpt":{"rendered":"<p>Plants produits \u00e0 la ferme avec des vari\u00e9t\u00e9s anciennes.<\/p>\n<p>\u00ab\u00a0Croissance ind\u00e9termin\u00e9e. Tardive. Tr\u00e8s ancienne vari\u00e9t\u00e9 originaire du Kentucky (USA). Tomate particuli\u00e8rement parfum\u00e9e, d\u2019une saveur incomparable. Sa chair de couleur jaune \u00e0 orange est ferme, dense, juteuse, sucr\u00e9e et ressemble \u00e0 une tranche d\u2019ananas. Fruit de 250 \u00e0 400 g pouvant atteindre 1 kg.\u00a0\u00bb<\/p>\n<p>&nbsp;<\/p>\n<p>&nbsp;<\/p>\n<p>&nbsp;<\/p>\n","protected":false},"featured_media":2118,"template":"","meta":[],"product_brand":[],"product_cat":[21,26],"product_tag":[],"class_list":{"0":"post-2117","1":"product","2":"type-product","3":"status-publish","4":"has-post-thumbnail","6":"product_cat-ferme-de-bezidel","7":"product_cat-plants","9":"first","10":"instock","11":"taxable","12":"shipping-taxable","13":"product-type-simple"},"_links":{"self":[{"href":"https:\/\/fermedebezidel.com\/index.php\/wp-json\/wp\/v2\/product\/2117","targetHints":{"allow":["GET"]}}],"collection":[{"href":"https:\/\/fermedebezidel.com\/index.php\/wp-json\/wp\/v2\/product"}],"about":[{"href":"https:\/\/fermedebezidel.com\/index.php\/wp-json\/wp\/v2\/types\/product"}],"wp:featuredmedia":[{"embeddable":true,"href":"https:\/\/fermedebezidel.com\/index.php\/wp-json\/wp\/v2\/media\/2118"}],"wp:attachment":[{"href":"https:\/\/fermedebezidel.com\/index.php\/wp-json\/wp\/v2\/media?parent=2117"}],"wp:term":[{"taxonomy":"product_brand","embeddable":true,"href":"https:\/\/fermedebezidel.com\/index.php\/wp-json\/wp\/v2\/product_brand?post=2117"},{"taxonomy":"product_cat","embeddable":true,"href":"https:\/\/fermedebezidel.com\/index.php\/wp-json\/wp\/v2\/product_cat?post=2117"},{"taxonomy":"product_tag","embeddable":true,"href":"https:\/\/fermedebezidel.com\/index.php\/wp-json\/wp\/v2\/product_tag?post=2117"}],"curies":[{"name":"wp","href":"https:\/\/api.w.org\/{rel}","templated":true}]}}