{"id":1221,"date":"2024-05-12T23:14:13","date_gmt":"2024-05-12T21:14:13","guid":{"rendered":"https:\/\/fermedebezidel.com\/?post_type=product&#038;p=1221"},"modified":"2026-04-19T21:30:01","modified_gmt":"2026-04-19T19:30:01","slug":"salade-sucrine","status":"publish","type":"product","link":"https:\/\/fermedebezidel.com\/index.php\/produit\/salade-sucrine\/","title":{"rendered":"Salade \u00ab\u00a0Sucrine\u00a0\u00bb"},"content":{"rendered":"","protected":false},"excerpt":{"rendered":"<p>Produit \u00e0 la ferme. Salade \u00ab\u00a0Sucrine\u00a0\u00bb. C&rsquo;est une petite laitue de forme l\u00e9g\u00e8rement allong\u00e9e aux feuilles \u00e9paisses, serr\u00e9es et charnues. Ses feuilles ondul\u00e9es et croquantes subtilement sucr\u00e9es, d&rsquo;o\u00f9 son nom, s&rsquo;appr\u00eatent en salade ou en accompagnement chaud lorsqu&rsquo;elle po\u00eal\u00e9e ou cuite \u00e0 l&rsquo;\u00e9touff\u00e9e.<\/p>\n","protected":false},"featured_media":1223,"template":"","meta":[],"product_brand":[],"product_cat":[21,22],"product_tag":[],"class_list":{"0":"post-1221","1":"product","2":"type-product","3":"status-publish","4":"has-post-thumbnail","6":"product_cat-ferme-de-bezidel","7":"product_cat-legumes","9":"first","10":"instock","11":"taxable","12":"shipping-taxable","13":"purchasable","14":"product-type-simple"},"_links":{"self":[{"href":"https:\/\/fermedebezidel.com\/index.php\/wp-json\/wp\/v2\/product\/1221","targetHints":{"allow":["GET"]}}],"collection":[{"href":"https:\/\/fermedebezidel.com\/index.php\/wp-json\/wp\/v2\/product"}],"about":[{"href":"https:\/\/fermedebezidel.com\/index.php\/wp-json\/wp\/v2\/types\/product"}],"wp:featuredmedia":[{"embeddable":true,"href":"https:\/\/fermedebezidel.com\/index.php\/wp-json\/wp\/v2\/media\/1223"}],"wp:attachment":[{"href":"https:\/\/fermedebezidel.com\/index.php\/wp-json\/wp\/v2\/media?parent=1221"}],"wp:term":[{"taxonomy":"product_brand","embeddable":true,"href":"https:\/\/fermedebezidel.com\/index.php\/wp-json\/wp\/v2\/product_brand?post=1221"},{"taxonomy":"product_cat","embeddable":true,"href":"https:\/\/fermedebezidel.com\/index.php\/wp-json\/wp\/v2\/product_cat?post=1221"},{"taxonomy":"product_tag","embeddable":true,"href":"https:\/\/fermedebezidel.com\/index.php\/wp-json\/wp\/v2\/product_tag?post=1221"}],"curies":[{"name":"wp","href":"https:\/\/api.w.org\/{rel}","templated":true}]}}