{"id":1194,"date":"2024-04-18T22:58:36","date_gmt":"2024-04-18T20:58:36","guid":{"rendered":"https:\/\/fermedebezidel.com\/?post_type=product&#038;p=1194"},"modified":"2026-04-04T14:39:46","modified_gmt":"2026-04-04T12:39:46","slug":"aillet","status":"publish","type":"product","link":"https:\/\/fermedebezidel.com\/index.php\/produit\/aillet\/","title":{"rendered":"Aillet"},"content":{"rendered":"","protected":false},"excerpt":{"rendered":"<p>Botte de 5-8 tiges d&rsquo;ail qui n&rsquo;a pas encore bulb\u00e9s. Id\u00e9e de recette : Omelette \u00e0 l&rsquo;aillet<\/p>\n","protected":false},"featured_media":1614,"template":"","meta":[],"product_brand":[],"product_cat":[21,22],"product_tag":[],"class_list":{"0":"post-1194","1":"product","2":"type-product","3":"status-publish","4":"has-post-thumbnail","6":"product_cat-ferme-de-bezidel","7":"product_cat-legumes","9":"first","10":"instock","11":"taxable","12":"shipping-taxable","13":"purchasable","14":"product-type-simple"},"_links":{"self":[{"href":"https:\/\/fermedebezidel.com\/index.php\/wp-json\/wp\/v2\/product\/1194","targetHints":{"allow":["GET"]}}],"collection":[{"href":"https:\/\/fermedebezidel.com\/index.php\/wp-json\/wp\/v2\/product"}],"about":[{"href":"https:\/\/fermedebezidel.com\/index.php\/wp-json\/wp\/v2\/types\/product"}],"wp:featuredmedia":[{"embeddable":true,"href":"https:\/\/fermedebezidel.com\/index.php\/wp-json\/wp\/v2\/media\/1614"}],"wp:attachment":[{"href":"https:\/\/fermedebezidel.com\/index.php\/wp-json\/wp\/v2\/media?parent=1194"}],"wp:term":[{"taxonomy":"product_brand","embeddable":true,"href":"https:\/\/fermedebezidel.com\/index.php\/wp-json\/wp\/v2\/product_brand?post=1194"},{"taxonomy":"product_cat","embeddable":true,"href":"https:\/\/fermedebezidel.com\/index.php\/wp-json\/wp\/v2\/product_cat?post=1194"},{"taxonomy":"product_tag","embeddable":true,"href":"https:\/\/fermedebezidel.com\/index.php\/wp-json\/wp\/v2\/product_tag?post=1194"}],"curies":[{"name":"wp","href":"https:\/\/api.w.org\/{rel}","templated":true}]}}