{"id":60,"date":"2023-03-10T00:03:28","date_gmt":"2023-03-09T23:03:28","guid":{"rendered":"https:\/\/fermedebezidel.com\/?page_id=60"},"modified":"2026-01-16T20:50:27","modified_gmt":"2026-01-16T19:50:27","slug":"les-paniers-de-bezidel","status":"publish","type":"page","link":"https:\/\/fermedebezidel.com\/index.php\/les-paniers-de-bezidel\/","title":{"rendered":"Les paniers de Bezidel"},"content":{"rendered":"\n<figure class=\"wp-block-gallery has-nested-images columns-default is-cropped wp-block-gallery-1 is-layout-flex wp-block-gallery-is-layout-flex\">\n<figure class=\"wp-block-image size-large\"><img loading=\"lazy\" decoding=\"async\" width=\"1030\" height=\"773\" data-id=\"1427\" src=\"https:\/\/fermedebezidel.com\/wp-content\/uploads\/2024\/09\/PXL_20240913_094056421-1030x773.jpg\" alt=\"\" class=\"wp-image-1427\" srcset=\"https:\/\/fermedebezidel.com\/wp-content\/uploads\/2024\/09\/PXL_20240913_094056421-1030x773.jpg 1030w, https:\/\/fermedebezidel.com\/wp-content\/uploads\/2024\/09\/PXL_20240913_094056421-300x225.jpg 300w, https:\/\/fermedebezidel.com\/wp-content\/uploads\/2024\/09\/PXL_20240913_094056421-768x576.jpg 768w, https:\/\/fermedebezidel.com\/wp-content\/uploads\/2024\/09\/PXL_20240913_094056421-1536x1152.jpg 1536w, https:\/\/fermedebezidel.com\/wp-content\/uploads\/2024\/09\/PXL_20240913_094056421-2048x1536.jpg 2048w, https:\/\/fermedebezidel.com\/wp-content\/uploads\/2024\/09\/PXL_20240913_094056421-1500x1125.jpg 1500w, https:\/\/fermedebezidel.com\/wp-content\/uploads\/2024\/09\/PXL_20240913_094056421-705x529.jpg 705w, https:\/\/fermedebezidel.com\/wp-content\/uploads\/2024\/09\/PXL_20240913_094056421-450x338.jpg 450w, https:\/\/fermedebezidel.com\/wp-content\/uploads\/2024\/09\/PXL_20240913_094056421-600x450.jpg 600w\" sizes=\"auto, (max-width: 1030px) 100vw, 1030px\" \/><\/figure>\n\n\n\n<figure class=\"wp-block-image size-large\"><img loading=\"lazy\" decoding=\"async\" width=\"1030\" height=\"772\" data-id=\"67\" src=\"https:\/\/fermedebezidel.com\/wp-content\/uploads\/2023\/03\/PXL_20220606_0922099412-1030x772.jpg\" alt=\"\" class=\"wp-image-67\" srcset=\"https:\/\/fermedebezidel.com\/wp-content\/uploads\/2023\/03\/PXL_20220606_0922099412-1030x772.jpg 1030w, https:\/\/fermedebezidel.com\/wp-content\/uploads\/2023\/03\/PXL_20220606_0922099412-300x225.jpg 300w, https:\/\/fermedebezidel.com\/wp-content\/uploads\/2023\/03\/PXL_20220606_0922099412-768x576.jpg 768w, https:\/\/fermedebezidel.com\/wp-content\/uploads\/2023\/03\/PXL_20220606_0922099412-1536x1152.jpg 1536w, https:\/\/fermedebezidel.com\/wp-content\/uploads\/2023\/03\/PXL_20220606_0922099412-1500x1125.jpg 1500w, https:\/\/fermedebezidel.com\/wp-content\/uploads\/2023\/03\/PXL_20220606_0922099412-705x529.jpg 705w, https:\/\/fermedebezidel.com\/wp-content\/uploads\/2023\/03\/PXL_20220606_0922099412.jpg 1707w\" sizes=\"auto, (max-width: 1030px) 100vw, 1030px\" \/><\/figure>\n\n\n\n<figure class=\"wp-block-image size-large\"><img loading=\"lazy\" decoding=\"async\" width=\"1030\" height=\"772\" data-id=\"68\" src=\"https:\/\/fermedebezidel.com\/wp-content\/uploads\/2023\/03\/PXL_20220720_054652692-1030x772.jpg\" alt=\"\" class=\"wp-image-68\" srcset=\"https:\/\/fermedebezidel.com\/wp-content\/uploads\/2023\/03\/PXL_20220720_054652692-1030x772.jpg 1030w, https:\/\/fermedebezidel.com\/wp-content\/uploads\/2023\/03\/PXL_20220720_054652692-300x225.jpg 300w, https:\/\/fermedebezidel.com\/wp-content\/uploads\/2023\/03\/PXL_20220720_054652692-768x576.jpg 768w, https:\/\/fermedebezidel.com\/wp-content\/uploads\/2023\/03\/PXL_20220720_054652692-1536x1152.jpg 1536w, https:\/\/fermedebezidel.com\/wp-content\/uploads\/2023\/03\/PXL_20220720_054652692-1500x1125.jpg 1500w, https:\/\/fermedebezidel.com\/wp-content\/uploads\/2023\/03\/PXL_20220720_054652692-705x529.jpg 705w, https:\/\/fermedebezidel.com\/wp-content\/uploads\/2023\/03\/PXL_20220720_054652692.jpg 1707w\" sizes=\"auto, (max-width: 1030px) 100vw, 1030px\" \/><\/figure>\n\n\n\n<figure class=\"wp-block-image size-large\"><img loading=\"lazy\" decoding=\"async\" width=\"1030\" height=\"772\" data-id=\"66\" src=\"https:\/\/fermedebezidel.com\/wp-content\/uploads\/2023\/03\/PXL_20220727_081524215-1030x772.jpg\" alt=\"\" class=\"wp-image-66\" srcset=\"https:\/\/fermedebezidel.com\/wp-content\/uploads\/2023\/03\/PXL_20220727_081524215-1030x772.jpg 1030w, https:\/\/fermedebezidel.com\/wp-content\/uploads\/2023\/03\/PXL_20220727_081524215-300x225.jpg 300w, https:\/\/fermedebezidel.com\/wp-content\/uploads\/2023\/03\/PXL_20220727_081524215-768x576.jpg 768w, https:\/\/fermedebezidel.com\/wp-content\/uploads\/2023\/03\/PXL_20220727_081524215-1536x1152.jpg 1536w, https:\/\/fermedebezidel.com\/wp-content\/uploads\/2023\/03\/PXL_20220727_081524215-1500x1125.jpg 1500w, https:\/\/fermedebezidel.com\/wp-content\/uploads\/2023\/03\/PXL_20220727_081524215-705x529.jpg 705w, https:\/\/fermedebezidel.com\/wp-content\/uploads\/2023\/03\/PXL_20220727_081524215.jpg 1707w\" sizes=\"auto, (max-width: 1030px) 100vw, 1030px\" \/><\/figure>\n\n\n\n<figure class=\"wp-block-image size-large\"><img loading=\"lazy\" decoding=\"async\" width=\"1030\" height=\"772\" data-id=\"1411\" src=\"https:\/\/fermedebezidel.com\/wp-content\/uploads\/2024\/08\/PXL_20240830_085744493-1030x772.jpg\" alt=\"\" class=\"wp-image-1411\" srcset=\"https:\/\/fermedebezidel.com\/wp-content\/uploads\/2024\/08\/PXL_20240830_085744493-1030x772.jpg 1030w, https:\/\/fermedebezidel.com\/wp-content\/uploads\/2024\/08\/PXL_20240830_085744493-300x225.jpg 300w, https:\/\/fermedebezidel.com\/wp-content\/uploads\/2024\/08\/PXL_20240830_085744493-768x576.jpg 768w, https:\/\/fermedebezidel.com\/wp-content\/uploads\/2024\/08\/PXL_20240830_085744493-1536x1152.jpg 1536w, https:\/\/fermedebezidel.com\/wp-content\/uploads\/2024\/08\/PXL_20240830_085744493-1500x1125.jpg 1500w, https:\/\/fermedebezidel.com\/wp-content\/uploads\/2024\/08\/PXL_20240830_085744493-705x529.jpg 705w, https:\/\/fermedebezidel.com\/wp-content\/uploads\/2024\/08\/PXL_20240830_085744493-450x337.jpg 450w, https:\/\/fermedebezidel.com\/wp-content\/uploads\/2024\/08\/PXL_20240830_085744493-600x450.jpg 600w, https:\/\/fermedebezidel.com\/wp-content\/uploads\/2024\/08\/PXL_20240830_085744493.jpg 1707w\" sizes=\"auto, (max-width: 1030px) 100vw, 1030px\" \/><\/figure>\n\n\n\n<figure class=\"wp-block-image size-large is-style-default\"><img loading=\"lazy\" decoding=\"async\" width=\"1030\" height=\"773\" data-id=\"551\" src=\"https:\/\/fermedebezidel.com\/wp-content\/uploads\/2023\/08\/PXL_20230727_1623473932-1-1030x773.jpg\" alt=\"\" class=\"wp-image-551\" srcset=\"https:\/\/fermedebezidel.com\/wp-content\/uploads\/2023\/08\/PXL_20230727_1623473932-1-1030x773.jpg 1030w, https:\/\/fermedebezidel.com\/wp-content\/uploads\/2023\/08\/PXL_20230727_1623473932-1-300x225.jpg 300w, https:\/\/fermedebezidel.com\/wp-content\/uploads\/2023\/08\/PXL_20230727_1623473932-1-768x576.jpg 768w, https:\/\/fermedebezidel.com\/wp-content\/uploads\/2023\/08\/PXL_20230727_1623473932-1-1536x1152.jpg 1536w, https:\/\/fermedebezidel.com\/wp-content\/uploads\/2023\/08\/PXL_20230727_1623473932-1-2048x1536.jpg 2048w\" sizes=\"auto, (max-width: 1030px) 100vw, 1030px\" \/><\/figure>\n<\/figure>\n\n\n\n<p class=\"has-white-color has-vivid-red-background-color has-text-color has-background\" style=\"text-transform:uppercase\">Nous sommes complets pour l\u2019ann\u00e9e 2026. Vous pouvez, malgr\u00e9 tout, vous inscrire sur la liste d\u2019attente via notre formulaire pour l\u2019ann\u00e9e 2027. Des places peuvent se lib\u00e9rer en cours d&rsquo;ann\u00e9e.<\/p>\n\n\n\n<h3 class=\"wp-block-heading has-text-align-center\" style=\"padding-top:var(--wp--preset--spacing--30);padding-right:var(--wp--preset--spacing--30);padding-bottom:var(--wp--preset--spacing--30);padding-left:var(--wp--preset--spacing--30);text-transform:uppercase\">Les \u00ab\u00a0Paniers de Bezidel\u00a0\u00bb<\/h3>\n\n\n\n<blockquote class=\"wp-block-quote is-layout-flow wp-block-quote-is-layout-flow\">\n<p class=\"has-text-align-center\"><strong>Paniers de l\u00e9gumes bio hebdomadaires avec engagement \u00e0 l&rsquo;ann\u00e9e<\/strong><br><strong>A retirer le mercredi de 16h30 \u00e0 19h <strong>directement \u00e0 la ferme (sous le hangar)<\/strong><br>Prix du panier : 15\u20ac (panier de base), 20\u20ac ou 30\u20ac !<br><\/strong><\/p>\n<\/blockquote>\n\n\n\n<p>La ferme de Bezidel vous propose des <strong>paniers de l\u00e9gumes bio,<\/strong> \u00e0 venir r\u00e9cup\u00e9rer directement sur place <strong>chaque semaine tout au long de l&rsquo;ann\u00e9e<\/strong> (except\u00e9 pendant notre pause hivernale du mois de janvier).<\/p>\n\n\n\n<p>Le panier contient des <strong>l\u00e9gumes de saison <\/strong>pr\u00e9par\u00e9s et bichonn\u00e9s par votre mara\u00eecher. Il d\u00e9cide des l\u00e9gumes et quantit\u00e9s en fonction des disponibilit\u00e9s au jardin. Les paniers sont n\u00e9anmoins <strong>partiellement personnalisables<\/strong>.<br><\/p>\n\n\n\n<h2 class=\"wp-block-heading has-medium-font-size\">Fonctionnement<\/h2>\n\n\n\n<p>A l&rsquo;instar d&rsquo;un syst\u00e8me AMAP, prendre un panier chez son maraicher, c&rsquo;est le soutenir financi\u00e8rement, \u00e9tablir une relation de confiance et ainsi renforcer le lien entre producteurs et consommateurs. <\/p>\n\n\n\n<p>A ce titre, nous vous demandons \u00e0 venir <strong>le plus souvent possible<\/strong> (nous prenons en compte vos d\u00e9parts en vacances \ud83d\ude09). Vous ne payez pas le panier que vous ne prenez pas. <br><br>Si vous avez un emp\u00eachement, <strong>vous pouvez vous organiser avec un de vos voisins ou un de vos proches pour r\u00e9cup\u00e9rer le panier \u00e0 votre place<\/strong>. Sinon, vous pouvez soit l\u2019annuler soit le r\u00e9cup\u00e9rer le lendemain (jeudi) ou le surlendemain (vendredi), \u00e0 partir du moment o\u00f9 vous nous pr\u00e9venez au moins 2 jours \u00e0 l&rsquo;avance, \u00e0 savoir avant le lundi soir. <br><br>Le paiement se fait au moment du retrait. Les moyens de paiement accept\u00e9s : ch\u00e8ques ou esp\u00e8ces.<\/p>\n\n\n\n<p><em>Les paniers sont partiellement personnalisables :<\/em><br>&#8211; Si vous n&rsquo;aimez pas certains l\u00e9gumes nous ne vous les imposeront pas. Il vous sera alors propos\u00e9 d&rsquo;autres l\u00e9gumes en remplacement, dans la mesure du possible.<br>&#8211; En cours d&rsquo;ann\u00e9e, si vous souhaitez modifier votre panier parce que les quantit\u00e9s sont insuffisantes ou trop importantes par rapport \u00e0 votre consommation, il sera possible de le faire.<\/p>\n\n\n\n<h2 class=\"wp-block-heading has-medium-font-size\">Nouveaut\u00e9s<\/h2>\n\n\n\n<p>En plus de votre panier de l\u00e9gumes, vous pouvez d\u00e9sormais le compl\u00e9ter d&rsquo;autres produits frais <strong>\u00ab\u00a0Bio\u00a0\u00bb<\/strong> propos\u00e9s \u00e0 l&rsquo;\u00e9tal le jour du retrait : <strong>l\u00e9gumes suppl\u00e9mentaires<\/strong>, <strong>fruits <\/strong>(de notre ferme ou d&rsquo;un autre producteur Bio Breton), <strong>\u0153ufs <\/strong>(de Rozenn A\u00ebr) et <em>sur r\u00e9servation d&rsquo;une semaine sur l&rsquo;autre<\/em> : <strong>pains <\/strong>(Boulangerie \u00ab\u00a0Les T\u00eates de Meule\u00a0\u00bb ).<\/p>\n\n\n\n<h2 class=\"wp-block-heading has-medium-font-size\">Comment s\u2019inscrire ? <\/h2>\n\n\n\n<div class=\"wp-block-buttons is-layout-flex wp-block-buttons-is-layout-flex\">\n<div class=\"wp-block-button has-custom-width wp-block-button__width-100\"><a class=\"wp-block-button__link has-black-color has-palm-leaf-background-color has-text-color has-background wp-element-button\" href=\"https:\/\/fermedebezidel.com\/index.php\/formulaire-dinscription-aux-paniers-de-bezidel\/\" style=\"border-radius:100px;text-transform:uppercase\" target=\"_blank\" rel=\"noreferrer noopener\">Formulaire de pr\u00e9-inscription pour l&rsquo;ann\u00e9e 2027<\/a><\/div>\n<\/div>\n\n\n\n<blockquote class=\"wp-block-quote has-small-font-size is-layout-flow wp-block-quote-is-layout-flow\">\n<p>Vous pouvez \u00e9galement vous inscrire en me contactant :<br>-soit par mail : <strong>ewan@fermedebezidel.com<\/strong><br>-soit en messages priv\u00e9s sur les r\u00e9seaux sociaux<br>-soit par t\u00e9l\u00e9phone : <strong>07 56 80 40 62<\/strong><\/p>\n<\/blockquote>\n\n\n\n<p><\/p>\n\n\n\n<p class=\"has-medium-font-size\"><strong>Au plaisir de vous rencontrer bient\u00f4t !<\/strong><\/p>\n","protected":false},"excerpt":{"rendered":"<p>Nous sommes complets pour l\u2019ann\u00e9e 2026. Vous pouvez, malgr\u00e9 tout, vous inscrire sur la liste d\u2019attente via notre formulaire pour l\u2019ann\u00e9e 2027. Des places peuvent se lib\u00e9rer en cours d&rsquo;ann\u00e9e. Les \u00ab\u00a0Paniers de Bezidel\u00a0\u00bb Paniers de l\u00e9gumes bio hebdomadaires avec engagement \u00e0 l&rsquo;ann\u00e9eA retirer le mercredi de 16h30 \u00e0 19h directement \u00e0 la ferme (sous [&hellip;]<\/p>\n","protected":false},"author":1,"featured_media":0,"parent":0,"menu_order":0,"comment_status":"closed","ping_status":"closed","template":"","meta":{"footnotes":""},"class_list":["post-60","page","type-page","status-publish","hentry"],"_links":{"self":[{"href":"https:\/\/fermedebezidel.com\/index.php\/wp-json\/wp\/v2\/pages\/60","targetHints":{"allow":["GET"]}}],"collection":[{"href":"https:\/\/fermedebezidel.com\/index.php\/wp-json\/wp\/v2\/pages"}],"about":[{"href":"https:\/\/fermedebezidel.com\/index.php\/wp-json\/wp\/v2\/types\/page"}],"author":[{"embeddable":true,"href":"https:\/\/fermedebezidel.com\/index.php\/wp-json\/wp\/v2\/users\/1"}],"replies":[{"embeddable":true,"href":"https:\/\/fermedebezidel.com\/index.php\/wp-json\/wp\/v2\/comments?post=60"}],"version-history":[{"count":133,"href":"https:\/\/fermedebezidel.com\/index.php\/wp-json\/wp\/v2\/pages\/60\/revisions"}],"predecessor-version":[{"id":1980,"href":"https:\/\/fermedebezidel.com\/index.php\/wp-json\/wp\/v2\/pages\/60\/revisions\/1980"}],"wp:attachment":[{"href":"https:\/\/fermedebezidel.com\/index.php\/wp-json\/wp\/v2\/media?parent=60"}],"curies":[{"name":"wp","href":"https:\/\/api.w.org\/{rel}","templated":true}]}}