{"id":200,"date":"2023-06-10T13:56:12","date_gmt":"2023-06-10T11:56:12","guid":{"rendered":"https:\/\/fermedebezidel.com\/?page_id=200"},"modified":"2025-07-12T15:41:53","modified_gmt":"2025-07-12T13:41:53","slug":"le-micromarche-de-bezidel","status":"publish","type":"page","link":"https:\/\/fermedebezidel.com\/index.php\/le-micromarche-de-bezidel\/","title":{"rendered":"Le march\u00e9 d&rsquo;\u00e9t\u00e9 \u00e0 la ferme"},"content":{"rendered":"\n<figure class=\"wp-block-gallery has-nested-images columns-default is-cropped wp-block-gallery-1 is-layout-flex wp-block-gallery-is-layout-flex\">\n<figure class=\"wp-block-image size-full\"><img loading=\"lazy\" decoding=\"async\" width=\"1080\" height=\"1080\" data-id=\"1699\" src=\"https:\/\/fermedebezidel.com\/wp-content\/uploads\/2025\/06\/FB-reouverture-Publication-Instagram3.png\" alt=\"\" class=\"wp-image-1699\" srcset=\"https:\/\/fermedebezidel.com\/wp-content\/uploads\/2025\/06\/FB-reouverture-Publication-Instagram3.png 1080w, https:\/\/fermedebezidel.com\/wp-content\/uploads\/2025\/06\/FB-reouverture-Publication-Instagram3-300x300.png 300w, https:\/\/fermedebezidel.com\/wp-content\/uploads\/2025\/06\/FB-reouverture-Publication-Instagram3-1030x1030.png 1030w, https:\/\/fermedebezidel.com\/wp-content\/uploads\/2025\/06\/FB-reouverture-Publication-Instagram3-80x80.png 80w, https:\/\/fermedebezidel.com\/wp-content\/uploads\/2025\/06\/FB-reouverture-Publication-Instagram3-768x768.png 768w, https:\/\/fermedebezidel.com\/wp-content\/uploads\/2025\/06\/FB-reouverture-Publication-Instagram3-36x36.png 36w, https:\/\/fermedebezidel.com\/wp-content\/uploads\/2025\/06\/FB-reouverture-Publication-Instagram3-180x180.png 180w, https:\/\/fermedebezidel.com\/wp-content\/uploads\/2025\/06\/FB-reouverture-Publication-Instagram3-705x705.png 705w, https:\/\/fermedebezidel.com\/wp-content\/uploads\/2025\/06\/FB-reouverture-Publication-Instagram3-120x120.png 120w, https:\/\/fermedebezidel.com\/wp-content\/uploads\/2025\/06\/FB-reouverture-Publication-Instagram3-450x450.png 450w, https:\/\/fermedebezidel.com\/wp-content\/uploads\/2025\/06\/FB-reouverture-Publication-Instagram3-600x600.png 600w, https:\/\/fermedebezidel.com\/wp-content\/uploads\/2025\/06\/FB-reouverture-Publication-Instagram3-100x100.png 100w\" sizes=\"auto, (max-width: 1080px) 100vw, 1080px\" \/><\/figure>\n<\/figure>\n\n\n\n<p><\/p>\n\n\n\n<p>Venez d\u00e9couvrir, tous les jeudis l&rsquo;\u00e9t\u00e9 (de fin juin \u00e0 mi-septembre), nos l\u00e9gumes frais et fruits de saison, les \u0153ufs de Rozenn A\u00ebr et bien d\u2019autres produits \u00e0 venir. Vous choisissez vos produits comme vous le feriez sur un march\u00e9 !<\/p>\n\n\n\n<p>Notre march\u00e9 \u00e0 la ferme ouvre de <strong>16h jusqu\u2019\u00e0 19h !<\/strong><\/p>\n\n\n\n<p><\/p>\n\n\n\n<p class=\"has-medium-font-size\"><strong>Au plaisir de vous rencontrer bient\u00f4t <\/strong><\/p>\n\n\n\n<p><\/p>\n\n\n\n<figure class=\"wp-block-gallery has-nested-images columns-default is-cropped wp-block-gallery-2 is-layout-flex wp-block-gallery-is-layout-flex\">\n<figure class=\"wp-block-image size-large\"><img loading=\"lazy\" decoding=\"async\" width=\"1030\" height=\"773\" data-id=\"320\" src=\"https:\/\/fermedebezidel.com\/wp-content\/uploads\/2023\/07\/PXL_20230713_140520903-1030x773.jpg\" alt=\"\" class=\"wp-image-320\" srcset=\"https:\/\/fermedebezidel.com\/wp-content\/uploads\/2023\/07\/PXL_20230713_140520903-1030x773.jpg 1030w, https:\/\/fermedebezidel.com\/wp-content\/uploads\/2023\/07\/PXL_20230713_140520903-300x225.jpg 300w, https:\/\/fermedebezidel.com\/wp-content\/uploads\/2023\/07\/PXL_20230713_140520903-768x576.jpg 768w, https:\/\/fermedebezidel.com\/wp-content\/uploads\/2023\/07\/PXL_20230713_140520903-1536x1152.jpg 1536w, https:\/\/fermedebezidel.com\/wp-content\/uploads\/2023\/07\/PXL_20230713_140520903-2048x1536.jpg 2048w, https:\/\/fermedebezidel.com\/wp-content\/uploads\/2023\/07\/PXL_20230713_140520903-1500x1125.jpg 1500w, https:\/\/fermedebezidel.com\/wp-content\/uploads\/2023\/07\/PXL_20230713_140520903-705x529.jpg 705w\" sizes=\"auto, (max-width: 1030px) 100vw, 1030px\" \/><\/figure>\n\n\n\n<figure class=\"wp-block-image size-large\"><img loading=\"lazy\" decoding=\"async\" width=\"1030\" height=\"773\" data-id=\"322\" src=\"https:\/\/fermedebezidel.com\/wp-content\/uploads\/2023\/07\/PXL_20230713_140525430-1-1030x773.jpg\" alt=\"\" class=\"wp-image-322\" srcset=\"https:\/\/fermedebezidel.com\/wp-content\/uploads\/2023\/07\/PXL_20230713_140525430-1-1030x773.jpg 1030w, https:\/\/fermedebezidel.com\/wp-content\/uploads\/2023\/07\/PXL_20230713_140525430-1-300x225.jpg 300w, https:\/\/fermedebezidel.com\/wp-content\/uploads\/2023\/07\/PXL_20230713_140525430-1-768x576.jpg 768w, https:\/\/fermedebezidel.com\/wp-content\/uploads\/2023\/07\/PXL_20230713_140525430-1-1536x1152.jpg 1536w, https:\/\/fermedebezidel.com\/wp-content\/uploads\/2023\/07\/PXL_20230713_140525430-1-2048x1536.jpg 2048w, https:\/\/fermedebezidel.com\/wp-content\/uploads\/2023\/07\/PXL_20230713_140525430-1-1500x1125.jpg 1500w, https:\/\/fermedebezidel.com\/wp-content\/uploads\/2023\/07\/PXL_20230713_140525430-1-705x529.jpg 705w\" sizes=\"auto, (max-width: 1030px) 100vw, 1030px\" \/><\/figure>\n\n\n\n<figure class=\"wp-block-image size-large\"><img loading=\"lazy\" decoding=\"async\" width=\"1030\" height=\"773\" data-id=\"323\" src=\"https:\/\/fermedebezidel.com\/wp-content\/uploads\/2023\/07\/PXL_20230713_140533060-1-1030x773.jpg\" alt=\"\" class=\"wp-image-323\" srcset=\"https:\/\/fermedebezidel.com\/wp-content\/uploads\/2023\/07\/PXL_20230713_140533060-1-1030x773.jpg 1030w, https:\/\/fermedebezidel.com\/wp-content\/uploads\/2023\/07\/PXL_20230713_140533060-1-300x225.jpg 300w, https:\/\/fermedebezidel.com\/wp-content\/uploads\/2023\/07\/PXL_20230713_140533060-1-768x576.jpg 768w, https:\/\/fermedebezidel.com\/wp-content\/uploads\/2023\/07\/PXL_20230713_140533060-1-1536x1152.jpg 1536w, https:\/\/fermedebezidel.com\/wp-content\/uploads\/2023\/07\/PXL_20230713_140533060-1-2048x1536.jpg 2048w, https:\/\/fermedebezidel.com\/wp-content\/uploads\/2023\/07\/PXL_20230713_140533060-1-1500x1125.jpg 1500w, https:\/\/fermedebezidel.com\/wp-content\/uploads\/2023\/07\/PXL_20230713_140533060-1-705x529.jpg 705w\" sizes=\"auto, (max-width: 1030px) 100vw, 1030px\" \/><\/figure>\n\n\n\n<figure class=\"wp-block-image size-large\"><img loading=\"lazy\" decoding=\"async\" width=\"1030\" height=\"773\" data-id=\"321\" src=\"https:\/\/fermedebezidel.com\/wp-content\/uploads\/2023\/07\/PXL_20230713_140537424-1030x773.jpg\" alt=\"\" class=\"wp-image-321\" srcset=\"https:\/\/fermedebezidel.com\/wp-content\/uploads\/2023\/07\/PXL_20230713_140537424-1030x773.jpg 1030w, https:\/\/fermedebezidel.com\/wp-content\/uploads\/2023\/07\/PXL_20230713_140537424-300x225.jpg 300w, https:\/\/fermedebezidel.com\/wp-content\/uploads\/2023\/07\/PXL_20230713_140537424-768x576.jpg 768w, https:\/\/fermedebezidel.com\/wp-content\/uploads\/2023\/07\/PXL_20230713_140537424-1536x1152.jpg 1536w, https:\/\/fermedebezidel.com\/wp-content\/uploads\/2023\/07\/PXL_20230713_140537424-2048x1536.jpg 2048w, https:\/\/fermedebezidel.com\/wp-content\/uploads\/2023\/07\/PXL_20230713_140537424-1500x1125.jpg 1500w, https:\/\/fermedebezidel.com\/wp-content\/uploads\/2023\/07\/PXL_20230713_140537424-705x529.jpg 705w\" sizes=\"auto, (max-width: 1030px) 100vw, 1030px\" \/><\/figure>\n<\/figure>\n","protected":false},"excerpt":{"rendered":"<p>Venez d\u00e9couvrir, tous les jeudis l&rsquo;\u00e9t\u00e9 (de fin juin \u00e0 mi-septembre), nos l\u00e9gumes frais et fruits de saison, les \u0153ufs de Rozenn A\u00ebr et bien d\u2019autres produits \u00e0 venir. Vous choisissez vos produits comme vous le feriez sur un march\u00e9 ! Notre march\u00e9 \u00e0 la ferme ouvre de 16h jusqu\u2019\u00e0 19h ! Au plaisir de [&hellip;]<\/p>\n","protected":false},"author":1,"featured_media":0,"parent":0,"menu_order":0,"comment_status":"closed","ping_status":"closed","template":"","meta":{"footnotes":""},"class_list":["post-200","page","type-page","status-publish","hentry"],"_links":{"self":[{"href":"https:\/\/fermedebezidel.com\/index.php\/wp-json\/wp\/v2\/pages\/200","targetHints":{"allow":["GET"]}}],"collection":[{"href":"https:\/\/fermedebezidel.com\/index.php\/wp-json\/wp\/v2\/pages"}],"about":[{"href":"https:\/\/fermedebezidel.com\/index.php\/wp-json\/wp\/v2\/types\/page"}],"author":[{"embeddable":true,"href":"https:\/\/fermedebezidel.com\/index.php\/wp-json\/wp\/v2\/users\/1"}],"replies":[{"embeddable":true,"href":"https:\/\/fermedebezidel.com\/index.php\/wp-json\/wp\/v2\/comments?post=200"}],"version-history":[{"count":40,"href":"https:\/\/fermedebezidel.com\/index.php\/wp-json\/wp\/v2\/pages\/200\/revisions"}],"predecessor-version":[{"id":1756,"href":"https:\/\/fermedebezidel.com\/index.php\/wp-json\/wp\/v2\/pages\/200\/revisions\/1756"}],"wp:attachment":[{"href":"https:\/\/fermedebezidel.com\/index.php\/wp-json\/wp\/v2\/media?parent=200"}],"curies":[{"name":"wp","href":"https:\/\/api.w.org\/{rel}","templated":true}]}}